{"id":2650,"date":"2022-04-28T15:36:34","date_gmt":"2022-04-28T13:36:34","guid":{"rendered":"https:\/\/behva.lemoncom.net\/?page_id=2650"},"modified":"2022-04-28T15:49:51","modified_gmt":"2022-04-28T13:49:51","slug":"le-permis-de-conduire","status":"publish","type":"page","link":"https:\/\/www.behva.be\/fr\/le-permis-de-conduire\/","title":{"rendered":"Le permis de conduire"},"content":{"rendered":"<p>[et_pb_section fb_built=\u00a0\u00bb1&Prime; admin_label=\u00a0\u00bbSection\u00a0\u00bb _builder_version=\u00a0\u00bb4.16.1&Prime; _module_preset=\u00a0\u00bbdefault\u00a0\u00bb background_color=\u00a0\u00bbrgba(112,112,112,0.89)\u00a0\u00bb background_image=\u00a0\u00bbhttps:\/\/www.behva.be\/wp-content\/uploads\/2022\/04\/s-oldtimer2-bg.jpg\u00a0\u00bb background_blend=\u00a0\u00bbmultiply\u00a0\u00bb custom_padding=\u00a0\u00bb0px||0px|||\u00a0\u00bb da_disable_devices=\u00a0\u00bboff|off|off\u00a0\u00bb border_color_bottom=\u00a0\u00bbRGBA(255,255,255,0)\u00a0\u00bb global_colors_info=\u00a0\u00bb{}\u00a0\u00bb theme_builder_area=\u00a0\u00bbpost_content\u00a0\u00bb da_is_popup=\u00a0\u00bboff\u00a0\u00bb da_exit_intent=\u00a0\u00bboff\u00a0\u00bb da_has_close=\u00a0\u00bbon\u00a0\u00bb da_alt_close=\u00a0\u00bboff\u00a0\u00bb da_dark_close=\u00a0\u00bboff\u00a0\u00bb da_not_modal=\u00a0\u00bbon\u00a0\u00bb da_is_singular=\u00a0\u00bboff\u00a0\u00bb da_with_loader=\u00a0\u00bboff\u00a0\u00bb da_has_shadow=\u00a0\u00bbon\u00a0\u00bb][et_pb_row _builder_version=\u00a0\u00bb4.16.1&Prime; _module_preset=\u00a0\u00bbdefault\u00a0\u00bb background_enable_color=\u00a0\u00bboff\u00a0\u00bb background_enable_image=\u00a0\u00bboff\u00a0\u00bb background_blend=\u00a0\u00bbmultiply\u00a0\u00bb width=\u00a0\u00bb100%\u00a0\u00bb max_width=\u00a0\u00bb1200px\u00a0\u00bb height=\u00a0\u00bb200px\u00a0\u00bb custom_padding=\u00a0\u00bb||0px|||\u00a0\u00bb global_colors_info=\u00a0\u00bb{}\u00a0\u00bb theme_builder_area=\u00a0\u00bbpost_content\u00a0\u00bb][et_pb_column type=\u00a0\u00bb4_4&Prime; _builder_version=\u00a0\u00bb4.16.1&Prime; _module_preset=\u00a0\u00bbdefault\u00a0\u00bb pac_dcm_carousel_specific_module_num=\u00a0\u00bb0&Prime; global_colors_info=\u00a0\u00bb{}\u00a0\u00bb theme_builder_area=\u00a0\u00bbpost_content\u00a0\u00bb][et_pb_text _builder_version=\u00a0\u00bb4.16.1&Prime; _dynamic_attributes=\u00a0\u00bbcontent\u00a0\u00bb _module_preset=\u00a0\u00bb0ab92af9-45f2-43df-bb2d-88dccc3ef0ee\u00a0\u00bb header_2_text_align=\u00a0\u00bbcenter\u00a0\u00bb header_2_text_color=\u00a0\u00bb#FFFFFF\u00a0\u00bb position_origin_a=\u00a0\u00bbcenter_center\u00a0\u00bb width=\u00a0\u00bb90%\u00a0\u00bb max_width=\u00a0\u00bb1200px\u00a0\u00bb module_alignment=\u00a0\u00bbcenter\u00a0\u00bb global_colors_info=\u00a0\u00bb{}\u00a0\u00bb theme_builder_area=\u00a0\u00bbpost_content\u00a0\u00bb]@ET-DC@eyJkeW5hbWljIjp0cnVlLCJjb250ZW50IjoicG9zdF90aXRsZSIsInNldHRpbmdzIjp7ImJlZm9yZSI6IiIsImFmdGVyIjoiIn19@[\/et_pb_text][\/et_pb_column][\/et_pb_row][\/et_pb_section][et_pb_section fb_built=\u00a0\u00bb1&Prime; admin_label=\u00a0\u00bbFlandre\u00a0\u00bb module_id=\u00a0\u00bbflandre\u00a0\u00bb _builder_version=\u00a0\u00bb4.16.1&Prime; _module_preset=\u00a0\u00bbdefault\u00a0\u00bb background_color=\u00a0\u00bb#F7F7F7&Prime; background_enable_image=\u00a0\u00bboff\u00a0\u00bb background_blend=\u00a0\u00bblighten\u00a0\u00bb custom_padding=\u00a0\u00bb||||false|false\u00a0\u00bb da_popup_slug=\u00a0\u00bbflandre\u00a0\u00bb da_disable_devices=\u00a0\u00bboff|off|off\u00a0\u00bb global_colors_info=\u00a0\u00bb{}\u00a0\u00bb theme_builder_area=\u00a0\u00bbpost_content\u00a0\u00bb da_is_popup=\u00a0\u00bboff\u00a0\u00bb da_exit_intent=\u00a0\u00bboff\u00a0\u00bb da_has_close=\u00a0\u00bbon\u00a0\u00bb da_alt_close=\u00a0\u00bboff\u00a0\u00bb da_dark_close=\u00a0\u00bboff\u00a0\u00bb da_not_modal=\u00a0\u00bbon\u00a0\u00bb da_is_singular=\u00a0\u00bboff\u00a0\u00bb da_with_loader=\u00a0\u00bboff\u00a0\u00bb da_has_shadow=\u00a0\u00bbon\u00a0\u00bb][et_pb_row use_custom_gutter=\u00a0\u00bbon\u00a0\u00bb _builder_version=\u00a0\u00bb4.16.1&Prime; _module_preset=\u00a0\u00bbdefault\u00a0\u00bb max_width=\u00a0\u00bb1200px\u00a0\u00bb global_colors_info=\u00a0\u00bb{}\u00a0\u00bb theme_builder_area=\u00a0\u00bbpost_content\u00a0\u00bb][et_pb_column type=\u00a0\u00bb4_4&Prime; _builder_version=\u00a0\u00bb4.16&Prime; _module_preset=\u00a0\u00bbdefault\u00a0\u00bb pac_dcm_carousel_specific_module_num=\u00a0\u00bb0&Prime; global_colors_info=\u00a0\u00bb{}\u00a0\u00bb theme_builder_area=\u00a0\u00bbpost_content\u00a0\u00bb][et_pb_text _builder_version=\u00a0\u00bb4.16.1&Prime; _module_preset=\u00a0\u00bbdd135f7f-cba5-49c8-9c40-91bf1d317b98&Prime; header_4_text_color=\u00a0\u00bb#707070&Prime; custom_margin=\u00a0\u00bb10px||||false|false\u00a0\u00bb global_colors_info=\u00a0\u00bb{}\u00a0\u00bb theme_builder_area=\u00a0\u00bbpost_content\u00a0\u00bb]<\/p>\n<h2>LE PERMIS DE CONDUIRE<\/h2>\n<p>Avant de vous procurer un anc\u00eatre, il faut \u00eatre certain que vous ayez un permis de conduire valable pour pouvoir conduire ce v\u00e9hicule.\u00a0 Cela semble logique mais ne l\u2019est pas toujours.<\/p>\n<p>La r\u00e9glementation concernant le permis de conduire a connu depuis 1989 plusieurs modifications et est devenue tr\u00e8s compliqu\u00e9e.\u00a0 Il y a encore des modifications qui vont \u00eatre apport\u00e9es suite \u00e0 des directives europ\u00e9ennes.<\/p>\n<p>La r\u00e8gle g\u00e9n\u00e9rale est que nul ne peut conduire sur la voie publique un v\u00e9hicule \u00e0 moteur, s\u2019il n\u2019est pas titulaire et porteur d\u2019un permis de conduire qui doit \u00eatre valable pour la cat\u00e9gorie \u00e0 laquelle appartient le v\u00e9hicule.<\/p>\n<p>Tout d\u2019abord il faut signaler qu\u2019il existe trois sortes de permis de conduire.<\/p>\n<ul>\n<li>Permis de conduire d\u00e9livr\u00e9 avant le 01.01.1989<\/li>\n<li>Permis de conduire d\u00e9livr\u00e9 entre le 01.01.1989 et le 01.10.1998<\/li>\n<li>Permis de conduire d\u00e9livr\u00e9 \u00e0 partir du\u00a0 01.10.1998<\/li>\n<\/ul>\n<p>Nous nous limitons \u00e0 vous donner la description des cat\u00e9gories afin que vous puissiez v\u00e9rifier si votre permis de conduire correspond \u00e0 l\u2019anc\u00eatre que vous avez envie d\u2019acheter.<\/p>\n<h4><strong>A<\/strong><span>\u00a0<\/span>=\u00a0toutes les motocyclettes et les tricycles \u00e0 moteur d&rsquo;une puissance sup\u00e9rieur \u00e0 15 KW.<\/h4>\n<h4><strong>A1<\/strong><span>\u00a0<\/span>= motocyclettes avec ou sans side-car.<\/h4>\n<p>Le permis de conduire A1 est valable pour les motos. Ces v\u00e9hicules ont une<span>\u00a0<\/span><strong>cylindr\u00e9e de maximum 125 cc<span>\u00a0<\/span><\/strong>et\u00a011kW avec un rapport puissance\/poids ne d\u00e9passant pas 0,1kW par kg ainsi que les tricycles ne d\u00e9passant pas15kW<\/p>\n<p><strong>A2<\/strong><span>\u00a0<\/span>=\u00a0motocyclettes avec ou sans side-car<\/p>\n<p>Le permis de conduire A2\u00a0est valable pour les motos avec\u00a0max 35kW avec un rapport puissance\/poids de moins de 0,2kW par kg (n\u2019\u00e9tant pas d\u00e9riv\u00e9s d\u2019un v\u00e9hicule d\u00e9veloppant plus du double de sa puissance)<\/p>\n<h4><strong>AM =\u00a0<\/strong>cyclomoteurs.<\/h4>\n<p>Le permis de conduire A3\u00a0est exig\u00e9\u00a0pour les cyclomoteurs de classe B ayant une\u00a0<strong>vitesse maximale de 45 km\/h<\/strong>\u00a0et une cylindr\u00e9e maximale de 50 cc<\/p>\n<h4><strong>B<\/strong><span>\u00a0<\/span>= voitures, voitures mixtes, camionnettes<\/h4>\n<p>Le permis de conduire B est valable pour conduire les v\u00e9hicules dont la MMA (masse maximale autoris\u00e9e) ne d\u00e9passe pas 3 500 kg et dont le nombre de places assises, outre le si\u00e8ge du conducteur, n&rsquo;exc\u00e8de pas huit.<\/p>\n<h4><strong>B + E =\u00a0<\/strong>voitures, voitures mixtes, camionnettes + remorque<\/h4>\n<p>Avec le permis de conduire B, vous pouvez tracter une remorque d&rsquo;une MMA (masse maximale autoris\u00e9e) de 750 kg. Lorsque votre remorque a une MMA plus importante, un permis de conduire E compl\u00e9mentaire est n\u00e9cessaire. C&rsquo;est le cas lorsque la MMA de l&rsquo;ensemble est sup\u00e9rieure \u00e0 3 500 kg ou que la MMA de la remorque d\u00e9passe le poids de la voiture vide<\/p>\n<h4><strong>C<\/strong><span>\u00a0<\/span>= Camions<\/h4>\n<p>Le permis de conduire C est r\u00e9serv\u00e9 aux camions. Vous ne pourrez obtenir ce permis de conduire que si vous poss\u00e9dez<span>\u00a0<\/span><strong>d\u00e9j\u00e0 un permis de conduire B<\/strong>. Le permis de conduire C1 est une sous-cat\u00e9gorie du permis de conduire C et comprend les v\u00e9hicules ayant une MMA (masse maximale autoris\u00e9e) inf\u00e9rieure ou \u00e9gale \u00e0 7 500 kg. La cat\u00e9gorie C ne se limite pas \u00e0 cette MMA.<\/p>\n<h4><strong>C+E =\u00a0<\/strong>Camions + remorque<\/h4>\n<p>Le permis de conduire C+E est n\u00e9cessaire lorsque la remorque a une MMA de plus de 750 kg. Le permis de conduire C1+E est n\u00e9cessaire pour les remorques pesant plus de 750 kg et si les conditions suivantes sont respect\u00e9es :<\/p>\n<ul>\n<li>La MMA du v\u00e9hicule et de la remorque est inf\u00e9rieure \u00e0 12 000 kg.<\/li>\n<li>La MMA de la remorque ne d\u00e9passe pas la masse du v\u00e9hicule vide.<\/li>\n<\/ul>\n<h4><strong>D<\/strong><span>\u00a0<\/span>=\u00a0Autobus<\/h4>\n<p>Le permis de conduire D est n\u00e9cessaire si vous voulez conduire un v\u00e9hicule destin\u00e9 au transport de personnes. Il s&rsquo;agit d&rsquo;un v\u00e9hicule comportant plus de 8 places assises, outre le si\u00e8ge du conducteur. Le permis D1 est une sous-cat\u00e9gorie du permis D. Cette cat\u00e9gorie est destin\u00e9e aux conducteurs de v\u00e9hicules utilis\u00e9s pour le transport de personnes comportant au minimum 8 places, outre\u00a0 le si\u00e8ge du conducteur et au maximum 16 places, outre le si\u00e8ge du conducteur.<\/p>\n<h4><strong>D+E =\u00a0<\/strong>Autobus + remorque<\/h4>\n<p>Avec les permis D et D1, vous pouvez \u00e9galement attacher une remorque ayant une MMA (masse maximale autoris\u00e9e) de 750 kg. Si la MMA de la remorque p\u00e8se plus de 750 kg, vous aurez besoin, en compl\u00e9ment du permis, d&rsquo;un permis E. Pour le permis de conduire D1+E, la remorque doit satisfaire \u00e0 2 conditions :<\/p>\n<ul>\n<li>la MMA du v\u00e9hicule et de la remorque ne peut pas d\u00e9passer 12000 kg.<\/li>\n<li>la MMA de la remorque ne peut pas exc\u00e9der le poids du v\u00e9hicule vide.<\/li>\n<\/ul>\n<p>Si ces deux conditions ne sont pas remplies, le permis D+E est obligatoire.<br \/>Attention : la remorque ne peut pas \u00eatre utilis\u00e9e pour transporter des personnes.<\/p>\n<p>&nbsp;<\/p>\n<p>Subcat\u00e9gories<\/p>\n<p><strong>C1 =\u00a0<\/strong>v\u00e9hicules automobiles autres que ceux de la cat\u00e9gorie D, dont la masse maximale autoris\u00e9e exc\u00e8de 3.500 kg sans d\u00e9passer 7.500 kg; aux v\u00e9hicules de cette sous-cat\u00e9gorie peut \u00eatre attel\u00e9e une remorque dont la masse maximale autoris\u00e9e n&rsquo;exc\u00e8de pas 750 kg;<\/p>\n<p><strong>C1+E =\u00a0<\/strong>ensembles de v\u00e9hicules coupl\u00e9s compos\u00e9s d&rsquo;un v\u00e9hicule tracteur rentrant dans la sous-cat\u00e9gorie C1 et d&rsquo;une remorque dont la masse maximale autoris\u00e9e exc\u00e8de 750 kg, sous r\u00e9serve que la masse maximale autoris\u00e9e de l&rsquo;ensemble ainsi form\u00e9 n&rsquo;exc\u00e8de pas 12.000 kg et que la masse maximale autoris\u00e9e de la remorque n&rsquo;exc\u00e8de pas la masse \u00e0 vide du v\u00e9hicule tracteur;<\/p>\n<p><strong>D1<\/strong><span>\u00a0<\/span>=\u00a0v\u00e9hicules automobiles affect\u00e9s au transport de personnes, ayant plus de huit places assises outre le si\u00e8ge du conducteur sans exc\u00e9der seize places assises, outre le si\u00e8ge du conducteur; aux v\u00e9hicules de cette sous-cat\u00e9gorie peut \u00eatre attel\u00e9e une remorque dont la masse maximale autoris\u00e9e n&rsquo;exc\u00e8de pas 750 kg;<\/p>\n<p><strong>D1+E =\u00a0<\/strong>ensembles de v\u00e9hicules coupl\u00e9s compos\u00e9s d&rsquo;un v\u00e9hicule tracteur rentrant dans la sous-cat\u00e9gorie D1 et d&rsquo;une remorque dont la masse maximale autoris\u00e9e exc\u00e8de 750 kg, sous r\u00e9serve que la masse maximale autoris\u00e9e de l&rsquo;ensemble ainsi form\u00e9 n&rsquo;exc\u00e8de pas 12.000 kg et que la masse maximale autoris\u00e9e de la remorque n&rsquo;exc\u00e8de pas la masse \u00e0 vide du v\u00e9hicule tracteur et que la remorque ne soit pas utilis\u00e9e pour le transport de personnes.<\/p>\n<p><strong>G =\u00a0<\/strong>Annexe au permis de conduire avec la cat\u00e9gorie \u00ab\u00a0<strong>G<\/strong>\u00ab\u00a0.\u00a0 Ceci est une cat\u00e9gorie nationale sp\u00e9cifique \u00e0 notre pays pour la conduite des tracteurs agricoles et forestiers et du mat\u00e9riel mobile agricole.<\/p>\n<p>Infos suppl\u00e9mentaires sur le permis de conduire :<span>\u00a0<\/span><a href=\"http:\/\/www.goca.be\/fr\/p\/permis-de-conduire\" target=\"_blank\" rel=\"noopener\">cliquez-ici<\/a><\/p>\n<p>[\/et_pb_text][\/et_pb_column][\/et_pb_row][\/et_pb_section]<\/p>\n","protected":false},"excerpt":{"rendered":"<p>LE PERMIS DE CONDUIRE Avant de vous procurer un anc\u00eatre, il faut \u00eatre certain que vous ayez un permis de conduire valable pour pouvoir conduire ce v\u00e9hicule.\u00a0 Cela semble logique mais ne l\u2019est pas toujours. La r\u00e9glementation concernant le permis de conduire a connu depuis 1989 plusieurs modifications et est devenue tr\u00e8s compliqu\u00e9e.\u00a0 Il y [&hellip;]<\/p>\n","protected":false},"author":1,"featured_media":0,"parent":0,"menu_order":0,"comment_status":"closed","ping_status":"closed","template":"","meta":{"_acf_changed":false,"_et_pb_use_builder":"on","_et_pb_old_content":"","_et_gb_content_width":"","content-type":"","footnotes":""},"dipi_cpt_category":[],"class_list":["post-2650","page","type-page","status-publish","hentry"],"acf":[],"yoast_head":"<!-- This site is optimized with the Yoast SEO plugin v27.3 - https:\/\/yoast.com\/product\/yoast-seo-wordpress\/ -->\n<title>Le permis de conduire - BEHVA<\/title>\n<meta name=\"robots\" content=\"index, follow, max-snippet:-1, max-image-preview:large, max-video-preview:-1\" \/>\n<link rel=\"canonical\" href=\"https:\/\/www.behva.be\/fr\/le-permis-de-conduire\/\" \/>\n<meta property=\"og:locale\" content=\"fr_FR\" \/>\n<meta property=\"og:type\" content=\"article\" \/>\n<meta property=\"og:title\" content=\"Le permis de conduire - BEHVA\" \/>\n<meta property=\"og:site_name\" content=\"BEHVA\" \/>\n<meta property=\"article:publisher\" content=\"https:\/\/www.facebook.com\/BEHVA-154289831305077\/\" \/>\n<meta property=\"article:modified_time\" content=\"2022-04-28T13:49:51+00:00\" \/>\n<meta name=\"twitter:card\" content=\"summary_large_image\" \/>\n<meta name=\"twitter:site\" content=\"@bfovfbva\" \/>\n<meta name=\"twitter:label1\" content=\"Dur\u00e9e de lecture estim\u00e9e\" \/>\n\t<meta name=\"twitter:data1\" content=\"7 minutes\" \/>\n<script type=\"application\/ld+json\" class=\"yoast-schema-graph\">{\"@context\":\"https:\\\/\\\/schema.org\",\"@graph\":[{\"@type\":\"WebPage\",\"@id\":\"https:\\\/\\\/www.behva.be\\\/fr\\\/le-permis-de-conduire\\\/\",\"url\":\"https:\\\/\\\/www.behva.be\\\/fr\\\/le-permis-de-conduire\\\/\",\"name\":\"Le permis de conduire - BEHVA\",\"isPartOf\":{\"@id\":\"\\\/#website\"},\"datePublished\":\"2022-04-28T13:36:34+00:00\",\"dateModified\":\"2022-04-28T13:49:51+00:00\",\"breadcrumb\":{\"@id\":\"https:\\\/\\\/www.behva.be\\\/fr\\\/le-permis-de-conduire\\\/#breadcrumb\"},\"inLanguage\":\"fr-FR\",\"potentialAction\":[{\"@type\":\"ReadAction\",\"target\":[\"https:\\\/\\\/www.behva.be\\\/fr\\\/le-permis-de-conduire\\\/\"]}]},{\"@type\":\"BreadcrumbList\",\"@id\":\"https:\\\/\\\/www.behva.be\\\/fr\\\/le-permis-de-conduire\\\/#breadcrumb\",\"itemListElement\":[{\"@type\":\"ListItem\",\"position\":1,\"name\":\"Accueil\",\"item\":\"https:\\\/\\\/www.behva.be\\\/fr\\\/\"},{\"@type\":\"ListItem\",\"position\":2,\"name\":\"Le permis de conduire\"}]},{\"@type\":\"WebSite\",\"@id\":\"\\\/#website\",\"url\":\"\\\/\",\"name\":\"BEHVA\",\"description\":\"Belgian Historic Vehicle Association\",\"publisher\":{\"@id\":\"\\\/#organization\"},\"potentialAction\":[{\"@type\":\"SearchAction\",\"target\":{\"@type\":\"EntryPoint\",\"urlTemplate\":\"\\\/?s={search_term_string}\"},\"query-input\":{\"@type\":\"PropertyValueSpecification\",\"valueRequired\":true,\"valueName\":\"search_term_string\"}}],\"inLanguage\":\"fr-FR\"},{\"@type\":\"Organization\",\"@id\":\"\\\/#organization\",\"name\":\"BEHVA\",\"url\":\"\\\/\",\"logo\":{\"@type\":\"ImageObject\",\"inLanguage\":\"fr-FR\",\"@id\":\"\\\/#\\\/schema\\\/logo\\\/image\\\/\",\"url\":\"https:\\\/\\\/www.behva.be\\\/wp-content\\\/uploads\\\/2022\\\/04\\\/cropped-LOGO-BEHVA-MET_DEF_v.jpg\",\"contentUrl\":\"https:\\\/\\\/www.behva.be\\\/wp-content\\\/uploads\\\/2022\\\/04\\\/cropped-LOGO-BEHVA-MET_DEF_v.jpg\",\"width\":512,\"height\":512,\"caption\":\"BEHVA\"},\"image\":{\"@id\":\"\\\/#\\\/schema\\\/logo\\\/image\\\/\"},\"sameAs\":[\"https:\\\/\\\/www.facebook.com\\\/BEHVA-154289831305077\\\/\",\"https:\\\/\\\/x.com\\\/bfovfbva\"]}]}<\/script>\n<!-- \/ Yoast SEO plugin. -->","yoast_head_json":{"title":"Le permis de conduire - BEHVA","robots":{"index":"index","follow":"follow","max-snippet":"max-snippet:-1","max-image-preview":"max-image-preview:large","max-video-preview":"max-video-preview:-1"},"canonical":"https:\/\/www.behva.be\/fr\/le-permis-de-conduire\/","og_locale":"fr_FR","og_type":"article","og_title":"Le permis de conduire - BEHVA","og_site_name":"BEHVA","article_publisher":"https:\/\/www.facebook.com\/BEHVA-154289831305077\/","article_modified_time":"2022-04-28T13:49:51+00:00","twitter_card":"summary_large_image","twitter_site":"@bfovfbva","twitter_misc":{"Dur\u00e9e de lecture estim\u00e9e":"7 minutes"},"schema":{"@context":"https:\/\/schema.org","@graph":[{"@type":"WebPage","@id":"https:\/\/www.behva.be\/fr\/le-permis-de-conduire\/","url":"https:\/\/www.behva.be\/fr\/le-permis-de-conduire\/","name":"Le permis de conduire - BEHVA","isPartOf":{"@id":"\/#website"},"datePublished":"2022-04-28T13:36:34+00:00","dateModified":"2022-04-28T13:49:51+00:00","breadcrumb":{"@id":"https:\/\/www.behva.be\/fr\/le-permis-de-conduire\/#breadcrumb"},"inLanguage":"fr-FR","potentialAction":[{"@type":"ReadAction","target":["https:\/\/www.behva.be\/fr\/le-permis-de-conduire\/"]}]},{"@type":"BreadcrumbList","@id":"https:\/\/www.behva.be\/fr\/le-permis-de-conduire\/#breadcrumb","itemListElement":[{"@type":"ListItem","position":1,"name":"Accueil","item":"https:\/\/www.behva.be\/fr\/"},{"@type":"ListItem","position":2,"name":"Le permis de conduire"}]},{"@type":"WebSite","@id":"\/#website","url":"\/","name":"BEHVA","description":"Belgian Historic Vehicle Association","publisher":{"@id":"\/#organization"},"potentialAction":[{"@type":"SearchAction","target":{"@type":"EntryPoint","urlTemplate":"\/?s={search_term_string}"},"query-input":{"@type":"PropertyValueSpecification","valueRequired":true,"valueName":"search_term_string"}}],"inLanguage":"fr-FR"},{"@type":"Organization","@id":"\/#organization","name":"BEHVA","url":"\/","logo":{"@type":"ImageObject","inLanguage":"fr-FR","@id":"\/#\/schema\/logo\/image\/","url":"https:\/\/www.behva.be\/wp-content\/uploads\/2022\/04\/cropped-LOGO-BEHVA-MET_DEF_v.jpg","contentUrl":"https:\/\/www.behva.be\/wp-content\/uploads\/2022\/04\/cropped-LOGO-BEHVA-MET_DEF_v.jpg","width":512,"height":512,"caption":"BEHVA"},"image":{"@id":"\/#\/schema\/logo\/image\/"},"sameAs":["https:\/\/www.facebook.com\/BEHVA-154289831305077\/","https:\/\/x.com\/bfovfbva"]}]}},"_links":{"self":[{"href":"https:\/\/www.behva.be\/fr\/wp-json\/wp\/v2\/pages\/2650","targetHints":{"allow":["GET"]}}],"collection":[{"href":"https:\/\/www.behva.be\/fr\/wp-json\/wp\/v2\/pages"}],"about":[{"href":"https:\/\/www.behva.be\/fr\/wp-json\/wp\/v2\/types\/page"}],"author":[{"embeddable":true,"href":"https:\/\/www.behva.be\/fr\/wp-json\/wp\/v2\/users\/1"}],"replies":[{"embeddable":true,"href":"https:\/\/www.behva.be\/fr\/wp-json\/wp\/v2\/comments?post=2650"}],"version-history":[{"count":0,"href":"https:\/\/www.behva.be\/fr\/wp-json\/wp\/v2\/pages\/2650\/revisions"}],"wp:attachment":[{"href":"https:\/\/www.behva.be\/fr\/wp-json\/wp\/v2\/media?parent=2650"}],"wp:term":[{"taxonomy":"dipi_cpt_category","embeddable":true,"href":"https:\/\/www.behva.be\/fr\/wp-json\/wp\/v2\/dipi_cpt_category?post=2650"}],"curies":[{"name":"wp","href":"https:\/\/api.w.org\/{rel}","templated":true}]}}